{"id":862,"date":"2019-03-14T09:46:35","date_gmt":"2019-03-14T09:46:35","guid":{"rendered":"https:\/\/colibriwp-work.colibriwp.com\/creative-agency-ii\/colibri-wp\/"},"modified":"2023-12-17T20:41:27","modified_gmt":"2023-12-17T20:41:27","slug":"colibri-wp","status":"publish","type":"page","link":"https:\/\/tutgutschein.com\/","title":{"rendered":"Front Page"},"content":{"rendered":"<div data-colibri-id=\"862-c1\" class=\"style-437 style-local-862-c1 position-relative\">\n  <!---->\n  <div data-colibri-component=\"section\" data-colibri-id=\"862-c2\" id=\"about\" class=\"h-section h-section-global-spacing d-flex align-items-lg-center align-items-md-center align-items-center style-441 style-local-862-c2 position-relative\">\n    <!---->\n    <!---->\n    <div class=\"h-section-grid-container h-section-boxed-container\">\n      <!---->\n      <div data-colibri-id=\"862-c3\" class=\"h-row-container gutters-row-lg-2 gutters-row-md-0 gutters-row-2 gutters-row-v-lg-2 gutters-row-v-md-0 gutters-row-v-2 style-442 style-local-862-c3 position-relative\">\n        <!---->\n        <div class=\"h-row justify-content-lg-center justify-content-md-center justify-content-center align-items-lg-stretch align-items-md-stretch align-items-stretch gutters-col-lg-2 gutters-col-md-0 gutters-col-2 gutters-col-v-lg-2 gutters-col-v-md-0 gutters-col-v-2\">\n          <!---->\n          <div class=\"h-column h-column-container d-flex h-col-lg-6 h-col-md-12 h-col-12 style-443-outer style-local-862-c4-outer\">\n            <div data-colibri-id=\"862-c4\" class=\"d-flex h-flex-basis h-column__inner h-px-lg-2 h-px-md-2 h-px-2 v-inner-lg-2 v-inner-md-2 v-inner-2 style-443 style-local-862-c4 position-relative\">\n              <!---->\n              <!---->\n              <div class=\"w-100 h-y-container h-column__content h-column__v-align flex-basis-100 align-self-lg-center align-self-md-center align-self-center\">\n                <!---->\n                <div data-colibri-id=\"862-c5\" class=\"h-global-transition-all h-heading style-444 style-local-862-c5 position-relative h-element\">\n                  <!---->\n                  <div class=\"h-heading__outer style-444 style-local-862-c5\">\n                    <!---->\n                    <!---->\n                    <h5 class=\"\">\u00dcber TUTGUTSCHEIN<\/h5>\n                  <\/div>\n                <\/div>\n                <div data-colibri-id=\"862-c6\" class=\"h-global-transition-all h-heading style-445 style-local-862-c6 position-relative h-element\">\n                  <!---->\n                  <div class=\"h-heading__outer style-445 style-local-862-c6\">\n                    <!---->\n                    <!---->\n                    <h2 class=\"\">Mit einem <span style=\"color: rgb(254, 11, 87);\">TUTGUTSCHEIN<\/span> k\u00f6nnen Sie sich und anderen eine Freude bereiten<\/h2>\n                  <\/div>\n                <\/div>\n                <div data-colibri-id=\"862-c7\" class=\"h-text h-text-component style-446 style-local-862-c7 position-relative h-element\">\n                  <!---->\n                  <!---->\n                  <div class=\"\">\n                    <p>Entdecken Sie ein Universum voller besonderer Momente und unschlagbarer Angebote auf TUTGUTSCHEIN! Tauchen Sie ein in unsere vielf\u00e4ltige Auswahl an Gutscheinen und erleben Sie die Freude des Schenkens und des Sparens. Von exquisiten\n                      Restaurants \u00fcber Wellness-Oasen bis hin zu aufregenden Freizeitaktivit\u00e4ten &#8211; bei uns finden Sie das passende Geschenk f\u00fcr jeden Anlass. G\u00f6nnen Sie sich oder Ihren Liebsten unvergessliche Erlebnisse und genie\u00dfen Sie dabei die Einfachheit\n                      des Gutscheinshoppings. TUTGUTSCHEIN, wo Freude verschenken so einfach und vielf\u00e4ltig ist wie nie zuvor!<\/p>\n                  <\/div>\n                <\/div>\n                <div data-colibri-id=\"862-c8\" class=\"h-x-container style-447 style-local-862-c8 position-relative h-element\">\n                  <!---->\n                  <div class=\"h-x-container-inner style-dynamic-862-c8-group style-447-spacing style-local-862-c8-spacing\"><span class=\"h-button__outer style-448-outer style-local-862-c9-outer d-inline-flex h-element\"><a h-use-smooth-scroll=\"true\" href=\"\"  data-colibri-id=\"862-c9\" class=\"d-flex w-100 align-items-center h-button justify-content-lg-center justify-content-md-center justify-content-center style-448 style-local-862-c9 position-relative\"><!----><!----> <span>LOS geht&#8217;s<\/span><\/a>\n                    <\/span>\n                  <\/div>\n                <\/div>\n              <\/div>\n            <\/div>\n          <\/div>\n          <div class=\"h-column h-column-container d-flex h-col-lg-6 h-col-md-12 h-col-12 style-449-outer style-local-862-c10-outer\">\n            <div data-colibri-id=\"862-c10\" class=\"d-flex h-flex-basis h-column__inner h-px-lg-2 h-px-md-2 h-px-0 v-inner-lg-2 v-inner-md-2 v-inner-0 style-449 style-local-862-c10 position-relative\">\n              <!---->\n              <!---->\n              <div class=\"w-100 h-y-container h-column__content h-column__v-align flex-basis-100 align-self-lg-center align-self-md-center align-self-center\">\n                <!---->\n                <div data-colibri-id=\"862-c11\" class=\"h-row-container gutters-row-lg-0 gutters-row-md-0 gutters-row-0 gutters-row-v-lg-0 gutters-row-v-md-0 gutters-row-v-0 style-450 style-local-862-c11 position-relative\">\n                  <!---->\n                  <div class=\"h-row justify-content-lg-center justify-content-md-center justify-content-center align-items-lg-stretch align-items-md-stretch align-items-stretch gutters-col-lg-0 gutters-col-md-0 gutters-col-0 gutters-col-v-lg-0 gutters-col-v-md-0 gutters-col-v-0\">\n                    <!---->\n                    <div class=\"h-column h-column-container d-flex h-col-lg-6 h-col-md-6 h-col-6 style-451-outer style-local-862-c12-outer\">\n                      <div data-colibri-id=\"862-c12\" class=\"d-flex h-flex-basis h-column__inner h-px-lg-0 h-px-md-0 h-px-0 v-inner-lg-0 v-inner-md-0 v-inner-0 style-451 style-local-862-c12 position-relative\">\n                        <!---->\n                        <!---->\n                        <div class=\"w-100 h-y-container h-column__content h-column__v-align flex-basis-100 align-self-lg-start align-self-md-start align-self-start\">\n                          <!---->\n                          <div data-colibri-id=\"862-c13\" class=\"d-block style-452 style-local-862-c13 position-relative h-element\">\n                            <!---->\n                            <div class=\"h-image__frame-container-outer\">\n                              <div class=\"h-image__frame-container\">\n                                <!---->\n                                <!---->\n                                <img loading=\"lazy\" decoding=\"async\" width=\"600\" height=\"400\" src=\"https:\/\/colibriwp-work.colibriwp.com\/creative-agency-ii\/wp-content\/uploads\/2019\/03\/img-9.jpg\" class=\"wp-image-258 style-452-image style-local-862-c13-image\" alt=\"\" srcset=\"https:\/\/tutgutschein.com\/wp-content\/uploads\/2019\/03\/img-9.jpg 600w, https:\/\/tutgutschein.com\/wp-content\/uploads\/2019\/03\/img-9-300x200.jpg 300w\" sizes=\"auto, (max-width: 600px) 100vw, 600px\" \/>\n                                <div class=\"h-image__frame h-hide-lg h-hide-md h-hide-sm style-452-frameImage style-local-862-c13-frameImage\"><\/div>\n                              <\/div>\n                            <\/div>\n                          <\/div>\n                        <\/div>\n                      <\/div>\n                    <\/div>\n                    <div class=\"h-column h-column-container d-flex h-col-lg-6 h-col-md-6 h-col-6 style-453-outer style-local-862-c14-outer\">\n                      <div data-colibri-id=\"862-c14\" class=\"d-flex h-flex-basis h-column__inner h-px-lg-0 h-px-md-0 h-px-0 v-inner-lg-0 v-inner-md-0 v-inner-0 style-453 style-local-862-c14 position-relative\">\n                        <!---->\n                        <!---->\n                        <div class=\"w-100 h-y-container h-column__content h-column__v-align flex-basis-100 align-self-lg-center align-self-md-center align-self-center\">\n                          <!---->\n                          <div data-colibri-id=\"862-c15\" class=\"d-block style-454 style-local-862-c15 position-relative h-element\">\n                            <!---->\n                            <div class=\"h-image__frame-container-outer\">\n                              <div class=\"h-image__frame-container\">\n                                <!---->\n                                <!---->\n                                <img loading=\"lazy\" decoding=\"async\" width=\"600\" height=\"400\" src=\"https:\/\/colibriwp-work.colibriwp.com\/creative-agency-ii\/wp-content\/uploads\/2019\/03\/img-2.jpg\" class=\"wp-image-251 style-454-image style-local-862-c15-image\" alt=\"\" srcset=\"https:\/\/tutgutschein.com\/wp-content\/uploads\/2019\/03\/img-2.jpg 600w, https:\/\/tutgutschein.com\/wp-content\/uploads\/2019\/03\/img-2-300x200.jpg 300w\" sizes=\"auto, (max-width: 600px) 100vw, 600px\" \/>\n                                <div class=\"h-image__frame h-hide-lg h-hide-md h-hide-sm style-454-frameImage style-local-862-c15-frameImage\"><\/div>\n                              <\/div>\n                            <\/div>\n                          <\/div>\n                        <\/div>\n                      <\/div>\n                    <\/div>\n                  <\/div>\n                <\/div>\n              <\/div>\n            <\/div>\n          <\/div>\n        <\/div>\n      <\/div>\n    <\/div>\n  <\/div>\n<\/div>","protected":false},"excerpt":{"rendered":"<p>\u00dcber TUTGUTSCHEIN Mit einem TUTGUTSCHEIN k\u00f6nnen Sie sich und anderen eine Freude bereiten Entdecken Sie ein Universum voller besonderer Momente und unschlagbarer Angebote auf TUTGUTSCHEIN! Tauchen Sie ein in unsere vielf\u00e4ltige Auswahl an Gutscheinen und erleben Sie die Freude des Schenkens und des Sparens. Von exquisiten Restaurants \u00fcber Wellness-Oasen bis hin zu aufregenden Freizeitaktivit\u00e4ten &#8211; [&hellip;]<\/p>\n","protected":false},"author":1,"featured_media":0,"parent":0,"menu_order":0,"comment_status":"closed","ping_status":"closed","template":"page-templates\/homepage.php","meta":{"footnotes":""},"class_list":["post-862","page","type-page","status-publish","hentry"],"_links":{"self":[{"href":"https:\/\/tutgutschein.com\/index.php?rest_route=\/wp\/v2\/pages\/862","targetHints":{"allow":["GET"]}}],"collection":[{"href":"https:\/\/tutgutschein.com\/index.php?rest_route=\/wp\/v2\/pages"}],"about":[{"href":"https:\/\/tutgutschein.com\/index.php?rest_route=\/wp\/v2\/types\/page"}],"author":[{"embeddable":true,"href":"https:\/\/tutgutschein.com\/index.php?rest_route=\/wp\/v2\/users\/1"}],"replies":[{"embeddable":true,"href":"https:\/\/tutgutschein.com\/index.php?rest_route=%2Fwp%2Fv2%2Fcomments&post=862"}],"version-history":[{"count":4,"href":"https:\/\/tutgutschein.com\/index.php?rest_route=\/wp\/v2\/pages\/862\/revisions"}],"predecessor-version":[{"id":909,"href":"https:\/\/tutgutschein.com\/index.php?rest_route=\/wp\/v2\/pages\/862\/revisions\/909"}],"wp:attachment":[{"href":"https:\/\/tutgutschein.com\/index.php?rest_route=%2Fwp%2Fv2%2Fmedia&parent=862"}],"curies":[{"name":"wp","href":"https:\/\/api.w.org\/{rel}","templated":true}]}}